{"id":1405,"date":"2017-10-16T14:24:05","date_gmt":"2017-10-16T12:24:05","guid":{"rendered":"http:\/\/mariovarvoglis.com\/?page_id=1405"},"modified":"2017-10-20T13:36:48","modified_gmt":"2017-10-20T11:36:48","slug":"initier-le-mouvement","status":"publish","type":"page","link":"https:\/\/mariovarvoglis.com\/?page_id=1405","title":{"rendered":"Initier le mouvement"},"content":{"rendered":"<p>[et_pb_section bb_built=&#8221;1&#8243; fullwidth=&#8221;on&#8221; specialty=&#8221;off&#8221; _builder_version=&#8221;3.0.77&#8243; parallax=&#8221;on&#8221; inner_shadow=&#8221;on&#8221; background_color=&#8221;rgba(0,0,0,0.77)&#8221;][et_pb_fullwidth_header _builder_version=&#8221;3.0.77&#8243; title=&#8221;Initier le mouvement&#8221; text_orientation=&#8221;center&#8221; header_fullscreen=&#8221;off&#8221; header_scroll_down=&#8221;off&#8221; image_orientation=&#8221;center&#8221; background_layout=&#8221;dark&#8221; content_orientation=&#8221;center&#8221; custom_button_one=&#8221;off&#8221; button_one_letter_spacing=&#8221;0&#8243; button_one_icon_placement=&#8221;right&#8221; button_one_letter_spacing_hover=&#8221;0&#8243; custom_button_two=&#8221;off&#8221; button_two_letter_spacing=&#8221;0&#8243; button_two_icon_placement=&#8221;right&#8221; button_two_letter_spacing_hover=&#8221;0&#8243; title_font=&#8221;Cardo||on||&#8221; title_font_size=&#8221;52&#8243; \/][\/et_pb_section][et_pb_section bb_built=&#8221;1&#8243; fullwidth=&#8221;on&#8221; specialty=&#8221;off&#8221; _builder_version=&#8221;3.0.77&#8243; parallax=&#8221;on&#8221; inner_shadow=&#8221;on&#8221; background_color=&#8221;#eaeaea&#8221;][et_pb_fullwidth_header _builder_version=&#8221;3.0.77&#8243; title=&#8221;Nos conf\u00e9rences sont informatives, divertissantes et inspirantes. Un levier d\u2019excellence pour lancer le mouvement vers la culture d\u2019innovation&#8230;&#8221; text_orientation=&#8221;center&#8221; header_fullscreen=&#8221;off&#8221; header_scroll_down=&#8221;off&#8221; image_orientation=&#8221;center&#8221; background_layout=&#8221;light&#8221; content_orientation=&#8221;center&#8221; custom_button_one=&#8221;off&#8221; button_one_letter_spacing=&#8221;0&#8243; button_one_icon_placement=&#8221;right&#8221; button_one_letter_spacing_hover=&#8221;0&#8243; custom_button_two=&#8221;off&#8221; button_two_letter_spacing=&#8221;0&#8243; button_two_icon_placement=&#8221;right&#8221; button_two_letter_spacing_hover=&#8221;0&#8243; title_font=&#8221;Cardo||on||&#8221; title_font_size=&#8221;27&#8243; max_width_tablet=&#8221;50px&#8221; scroll_down_icon_size=&#8221;42&#8243; \/][\/et_pb_section][et_pb_section bb_built=&#8221;1&#8243; fullwidth=&#8221;off&#8221; specialty=&#8221;off&#8221; _builder_version=&#8221;3.0.77&#8243; background_color=&#8221;rgba(0,0,0,0.77)&#8221; parallax=&#8221;on&#8221; inner_shadow=&#8221;on&#8221;][et_pb_row][et_pb_column type=&#8221;4_4&#8243;][et_pb_text _builder_version=&#8221;3.0.77&#8243; background_layout=&#8221;dark&#8221; border_style=&#8221;solid&#8221; module_alignment=&#8221;left&#8221;]<\/p>\n<p>Que ce soit dans le cadre d&#8217;un \u00e9v\u00e9nement organisationnel ou d&#8217;un conseil d&#8217;administration, qu&#8217;il s&#8217;agisse d&#8217;un pitch de 15 minutes ou d&#8217;un atelier de 3 heures, nous concevons des conf\u00e9rences ayant pour objectif de lancer un mouvement vers la cr\u00e9ativit\u00e9 : sensibiliser au sujet, stimuler la curiosit\u00e9, motiver avec l\u2019envie d\u2019aller plus loin.<\/p>\n<p>Nos conf\u00e9rences sont inspir\u00e9es des penseurs actuels dans le domaine de l&#8217;innovation ainsi que de notre propre exp\u00e9rience avec plus d&#8217;une centaine d&#8217;entreprises.<br \/>\nDans le cadre d\u2019intervention aupr\u00e8s de la direction, nous encourageons un format interactif pour mieux int\u00e9grer les sp\u00e9cificit\u00e9s de l\u2019entreprise et aborder ensemble les voies possibles pour l\u2019int\u00e9gration d\u2019une v\u00e9ritable culture d\u2019innovation.<\/p>\n<p>[\/et_pb_text][\/et_pb_column][\/et_pb_row][\/et_pb_section][et_pb_section bb_built=&#8221;1&#8243; fullwidth=&#8221;off&#8221; specialty=&#8221;off&#8221; _builder_version=&#8221;3.0.77&#8243; background_color=&#8221;#eaeaea&#8221; background_image=&#8221;http:\/\/mariovarvoglis.com\/wp-content\/uploads\/2017\/10\/02-convictions-3back-1.jpg&#8221; parallax=&#8221;on&#8221; inner_shadow=&#8221;on&#8221;][et_pb_row][et_pb_column type=&#8221;4_4&#8243;][et_pb_image _builder_version=&#8221;3.0.71&#8243; src=&#8221;http:\/\/mariovarvoglis.com\/wp-content\/uploads\/2017\/09\/mobiliser-all-1.png&#8221; show_in_lightbox=&#8221;off&#8221; url_new_window=&#8221;off&#8221; use_overlay=&#8221;off&#8221; sticky=&#8221;on&#8221; align=&#8221;center&#8221; always_center_on_mobile=&#8221;on&#8221; border_style=&#8221;solid&#8221; force_fullwidth=&#8221;off&#8221; module_class=&#8221;img_graystyle&#8221; max_width=&#8221;750px&#8221; animation_style=&#8221;slide&#8221; animation_duration=&#8221;500ms&#8221; animation_intensity_slide=&#8221;10%&#8221; animation_direction=&#8221;left&#8221; show_bottom_space=&#8221;off&#8221; \/][\/et_pb_column][\/et_pb_row][et_pb_row][et_pb_column type=&#8221;1_4&#8243;][et_pb_image _builder_version=&#8221;3.0.71&#8243; src=&#8221;http:\/\/mariovarvoglis.com\/wp-content\/uploads\/2017\/09\/MEDEF-CMYK-2.png&#8221; show_in_lightbox=&#8221;off&#8221; url_new_window=&#8221;off&#8221; use_overlay=&#8221;off&#8221; sticky=&#8221;off&#8221; align=&#8221;center&#8221; always_center_on_mobile=&#8221;on&#8221; border_style=&#8221;solid&#8221; force_fullwidth=&#8221;off&#8221; module_class=&#8221;img_graystyle&#8221; max_width=&#8221;200px&#8221; animation_style=&#8221;slide&#8221; animation_duration=&#8221;500ms&#8221; animation_intensity_slide=&#8221;10%&#8221; animation_direction=&#8221;left&#8221; \/][\/et_pb_column][et_pb_column type=&#8221;1_4&#8243;][et_pb_text _builder_version=&#8221;3.0.77&#8243; background_layout=&#8221;light&#8221; text_font=&#8221;Cardo||on||&#8221; text_font_size=&#8221;24&#8243; border_style=&#8221;solid&#8221; header_font=&#8221;Cardo||on||&#8221; header_font_size=&#8221;24&#8243; text_text_color=&#8221;rgba(3,38,66,0.77)&#8221; text_line_height=&#8221;1.2&#8243;]<\/p>\n<p>Pour leur c\u00e9r\u00e9monie de souhaits du Nouvel An, en janvier 2016, J\u2019ai \u00e9t\u00e9 invit\u00e9 par le Medef Charente pour introduire la soir\u00e9e avec une conf\u00e9rence de 45 minutes, devant un public de 800 dirigeants du secteur priv\u00e9 et public.<\/p>\n<p>[\/et_pb_text][\/et_pb_column][et_pb_column type=&#8221;1_4&#8243;][et_pb_text _builder_version=&#8221;3.0.77&#8243; background_layout=&#8221;light&#8221; border_style=&#8221;solid&#8221; module_alignment=&#8221;left&#8221;]<\/p>\n<p>Mon sujet : &#8216;Avocat du Diable ou l&#8217;Avocat d&#8217;Ange?\u2019 \u00e9voquait une question-cl\u00e9 de la cr\u00e9ativit\u00e9 collaborative : l\u2019esprit critique et individualiste tant valoris\u00e9 dans notre soci\u00e9t\u00e9, n\u2019est-elle pas un frein \u00e0 l\u2019ouverture \u00e0 l\u2019autre, \u00e0 la cr\u00e9ativit\u00e9 et donc \u00e0 l\u2019innovation?<\/p>\n<p>Sujet bien li\u00e9 au plaidoyer du pr\u00e9sident Alain Lebret, pour plus de la confiance et de coop\u00e9ration entre chefs d&#8217;entreprise, syndicats et fonctionnaires.<\/p>\n<p>[\/et_pb_text][\/et_pb_column][et_pb_column type=&#8221;1_4&#8243;][et_pb_image _builder_version=&#8221;3.0.71&#8243; src=&#8221;http:\/\/mariovarvoglis.com\/wp-content\/uploads\/2017\/09\/Newsclips-1.jpg&#8221; show_in_lightbox=&#8221;on&#8221; url_new_window=&#8221;off&#8221; use_overlay=&#8221;off&#8221; sticky=&#8221;off&#8221; align=&#8221;left&#8221; always_center_on_mobile=&#8221;on&#8221; border_style=&#8221;solid&#8221; force_fullwidth=&#8221;off&#8221; module_class=&#8221;img_graystyle&#8221; animation_style=&#8221;slide&#8221; animation_duration=&#8221;500ms&#8221; animation_intensity_slide=&#8221;10%&#8221; animation_direction=&#8221;left&#8221; \/][\/et_pb_column][\/et_pb_row][\/et_pb_section][et_pb_section bb_built=&#8221;1&#8243; fullwidth=&#8221;on&#8221; specialty=&#8221;off&#8221; _builder_version=&#8221;3.0.77&#8243; parallax=&#8221;on&#8221; inner_shadow=&#8221;on&#8221; background_color=&#8221;rgba(0,0,0,0.77)&#8221;][et_pb_fullwidth_header _builder_version=&#8221;3.0.77&#8243; title=&#8221;Ce que nous faisons\u2026 &#8221; text_orientation=&#8221;center&#8221; header_fullscreen=&#8221;off&#8221; header_scroll_down=&#8221;off&#8221; image_orientation=&#8221;center&#8221; background_layout=&#8221;dark&#8221; content_orientation=&#8221;center&#8221; custom_button_one=&#8221;off&#8221; button_one_letter_spacing=&#8221;0&#8243; button_one_icon_placement=&#8221;right&#8221; button_one_letter_spacing_hover=&#8221;0&#8243; custom_button_two=&#8221;off&#8221; button_two_letter_spacing=&#8221;0&#8243; button_two_icon_placement=&#8221;right&#8221; button_two_letter_spacing_hover=&#8221;0&#8243; title_font=&#8221;Cardo||on||&#8221; title_font_size=&#8221;44&#8243; max_width_tablet=&#8221;50px&#8221; \/][\/et_pb_section][et_pb_section bb_built=&#8221;1&#8243; fullwidth=&#8221;off&#8221; specialty=&#8221;off&#8221; _builder_version=&#8221;3.0.77&#8243; parallax=&#8221;on&#8221; inner_shadow=&#8221;on&#8221; background_image=&#8221;http:\/\/mariovarvoglis.com\/wp-content\/uploads\/2017\/10\/04-Initier-Mobiliser-etc-Gray-NEW-1.jpg&#8221; disabled=&#8221;off&#8221; disabled_on=&#8221;on|on|&#8221; global_module=&#8221;1376&#8243;][et_pb_row global_parent=&#8221;1376&#8243;][et_pb_column type=&#8221;1_3&#8243;][et_pb_text admin_label=&#8221;Initier&#8221; global_parent=&#8221;1376&#8243; _builder_version=&#8221;3.0.77&#8243; background_layout=&#8221;light&#8221; border_style=&#8221;solid&#8221; text_font=&#8221;Cardo||on||&#8221; header_font=&#8221;Cardo||||&#8221; header_font_size=&#8221;36&#8243; text_text_color=&#8221;#e02b20&#8243; header_text_color=&#8221;rgba(3,38,66,0.77)&#8221; module_alignment=&#8221;left&#8221; text_orientation=&#8221;right&#8221; header_text_align=&#8221;right&#8221; custom_margin=&#8221;||-5px|&#8221; animation_style=&#8221;fade&#8221; custom_padding=&#8221;60px|30px||&#8221;]<\/p>\n<h1><a href=\"http:\/\/mariovarvoglis.com\/?page_id=1405\">Initier [1]<\/a><\/h1>\n<h2>le mouvement<\/h2>\n<p>[\/et_pb_text][et_pb_text global_parent=&#8221;1376&#8243; _builder_version=&#8221;3.0.77&#8243; background_layout=&#8221;light&#8221; border_style=&#8221;solid&#8221; module_alignment=&#8221;left&#8221; text_orientation=&#8221;right&#8221; header_text_align=&#8221;right&#8221; animation_style=&#8221;fade&#8221; custom_padding=&#8221;|30px||&#8221; custom_margin=&#8221;||-50px|&#8221;]<\/p>\n<p>Conf\u00e9rences et ateliers pour<br \/>\ninspirer, informer, ouvrir<br \/>\naux potentiels de la cr\u00e9ativit\u00e9.<\/p>\n<p>[\/et_pb_text][et_pb_text admin_label=&#8221;Maitriser&#8221; global_parent=&#8221;1376&#8243; _builder_version=&#8221;3.0.77&#8243; background_layout=&#8221;light&#8221; border_style=&#8221;solid&#8221; text_font=&#8221;Cardo||on||&#8221; header_font=&#8221;Cardo||||&#8221; header_font_size=&#8221;36&#8243; text_text_color=&#8221;#e02b20&#8243; header_text_color=&#8221;rgba(3,38,66,0.77)&#8221; module_alignment=&#8221;left&#8221; header_text_align=&#8221;right&#8221; custom_margin=&#8221;45px||-5px|&#8221; custom_padding=&#8221;45px|||30px&#8221; animation_style=&#8221;fade&#8221; text_orientation=&#8221;right&#8221;]<\/p>\n<h1><a href=\"http:\/\/mariovarvoglis.com\/?page_id=1455\">Maitriser [3]<\/a><\/h1>\n<h2>les outils<\/h2>\n<p>[\/et_pb_text][et_pb_text global_parent=&#8221;1376&#8243; _builder_version=&#8221;3.0.77&#8243; background_layout=&#8221;light&#8221; border_style=&#8221;solid&#8221; module_alignment=&#8221;left&#8221; header_text_align=&#8221;right&#8221; custom_padding=&#8221;||45px|30px&#8221; animation_style=&#8221;fade&#8221; text_orientation=&#8221;right&#8221;]<\/p>\n<p>Int\u00e9grer le savoir faire<br \/>\net le savoir \u00eatre<br \/>\nde la cr\u00e9ativit\u00e9 collaborative<\/p>\n<p>[\/et_pb_text][\/et_pb_column][et_pb_column type=&#8221;1_3&#8243;][et_pb_image admin_label=&#8221;DESKTOP VERSION &#8211; Ce ques nous faisons&#8221; global_parent=&#8221;1376&#8243; _builder_version=&#8221;3.0.77&#8243; src=&#8221;http:\/\/mariovarvoglis.com\/wp-content\/uploads\/2017\/10\/04-Initier-Mobiliser-etc-6.png&#8221; show_in_lightbox=&#8221;off&#8221; url_new_window=&#8221;off&#8221; use_overlay=&#8221;off&#8221; sticky=&#8221;off&#8221; align=&#8221;left&#8221; always_center_on_mobile=&#8221;on&#8221; border_style=&#8221;solid&#8221; force_fullwidth=&#8221;off&#8221; animation_style=&#8221;fade&#8221; animation_duration=&#8221;500ms&#8221; animation_intensity_slide=&#8221;10%&#8221; animation_direction=&#8221;left&#8221; show_bottom_space=&#8221;on&#8221; \/][\/et_pb_column][et_pb_column type=&#8221;1_3&#8243;][et_pb_text admin_label=&#8221;Mobiliser&#8221; global_parent=&#8221;1376&#8243; _builder_version=&#8221;3.0.77&#8243; background_layout=&#8221;light&#8221; border_style=&#8221;solid&#8221; text_font=&#8221;Cardo||on||&#8221; header_font=&#8221;Cardo||||&#8221; header_font_size=&#8221;36&#8243; text_text_color=&#8221;#e02b20&#8243; header_text_color=&#8221;rgba(3,38,66,0.77)&#8221; module_alignment=&#8221;left&#8221; header_text_align=&#8221;left&#8221; custom_padding=&#8221;60px|||30px&#8221; custom_margin=&#8221;||-5px|&#8221; animation_style=&#8221;fade&#8221;]<\/p>\n<h1><a href=\"http:\/\/mariovarvoglis.com\/?page_id=1464\">[2] Mobiliser<\/a><\/h1>\n<h2>l&#8217;intelligence<\/h2>\n<p>[\/et_pb_text][et_pb_text global_parent=&#8221;1376&#8243; _builder_version=&#8221;3.0.77&#8243; background_layout=&#8221;light&#8221; border_style=&#8221;solid&#8221; module_alignment=&#8221;left&#8221; header_text_align=&#8221;left&#8221; custom_padding=&#8221;|||30px&#8221; animation_style=&#8221;fade&#8221;]<\/p>\n<p>De <b>vrais<\/b> <i>brainstormings,<br \/>\n<\/i>aux r\u00e9sultats innovants,<br \/>\ntangibles, mobilisateurs.<\/p>\n<\/p>\n<p>[\/et_pb_text][et_pb_text admin_label=&#8221;P\u00e9renniser&#8221; global_parent=&#8221;1376&#8243; _builder_version=&#8221;3.0.77&#8243; background_layout=&#8221;light&#8221; border_style=&#8221;solid&#8221; text_font=&#8221;Cardo||on||&#8221; header_font=&#8221;Cardo||||&#8221; header_font_size=&#8221;36&#8243; text_text_color=&#8221;#e02b20&#8243; header_text_color=&#8221;rgba(3,38,66,0.77)&#8221; module_alignment=&#8221;left&#8221; header_text_align=&#8221;left&#8221; custom_margin=&#8221;||-5px|&#8221; animation_style=&#8221;fade&#8221;]<\/p>\n<h1><a href=\"http:\/\/mariovarvoglis.com\/?page_id=1445\">[4] P\u00e9renniser<\/a><\/h1>\n<h2>la dynamique<\/h2>\n<p>[\/et_pb_text][et_pb_text global_parent=&#8221;1376&#8243; _builder_version=&#8221;3.0.77&#8243; background_layout=&#8221;light&#8221; border_style=&#8221;solid&#8221; module_alignment=&#8221;left&#8221; header_text_align=&#8221;left&#8221; custom_padding=&#8221;||45px|&#8221; animation_style=&#8221;fade&#8221;]<\/p>\n<p>Les strat\u00e9gies pour ancrer l\u2019innovation<br \/>\ndans le quotidien<br \/>\nDynamiser l\u2019\u00e9nergie cr\u00e9ative de tous.<\/p>\n<p>[\/et_pb_text][\/et_pb_column][\/et_pb_row][\/et_pb_section][et_pb_section bb_built=&#8221;1&#8243; fullwidth=&#8221;off&#8221; specialty=&#8221;off&#8221; _builder_version=&#8221;3.0.77&#8243; disabled=&#8221;off&#8221; disabled_on=&#8221;||on&#8221; global_module=&#8221;1645&#8243;][et_pb_row global_parent=&#8221;1645&#8243;][et_pb_column type=&#8221;4_4&#8243;][et_pb_image admin_label=&#8221;MOBILE VERSION &#8211; Ce que nous faisons&#8221; global_parent=&#8221;1645&#8243; _builder_version=&#8221;3.0.77&#8243; src=&#8221;http:\/\/mariovarvoglis.com\/wp-content\/uploads\/2017\/10\/04-Initier-Mobiliser-etc-6.png&#8221; show_in_lightbox=&#8221;off&#8221; url_new_window=&#8221;off&#8221; use_overlay=&#8221;off&#8221; sticky=&#8221;off&#8221; align=&#8221;left&#8221; always_center_on_mobile=&#8221;on&#8221; border_style=&#8221;solid&#8221; force_fullwidth=&#8221;off&#8221; animation_style=&#8221;fade&#8221; animation_duration=&#8221;500ms&#8221; animation_intensity_slide=&#8221;10%&#8221; animation_direction=&#8221;left&#8221; show_bottom_space=&#8221;on&#8221; \/][et_pb_text admin_label=&#8221;Initier&#8221; global_parent=&#8221;1645&#8243; _builder_version=&#8221;3.0.77&#8243; background_layout=&#8221;light&#8221; border_style=&#8221;solid&#8221; text_font=&#8221;Cardo||on||&#8221; header_font=&#8221;Cardo||||&#8221; header_font_size=&#8221;36&#8243; text_text_color=&#8221;#e02b20&#8243; header_text_color=&#8221;rgba(3,38,66,0.77)&#8221; module_alignment=&#8221;left&#8221; header_text_align=&#8221;center&#8221; animation_style=&#8221;fade&#8221; text_orientation=&#8221;center&#8221;]<\/p>\n<h1><a href=\"http:\/\/mariovarvoglis.com\/?page_id=1405\">Initier [1]<\/a><\/h1>\n<h2>le mouvement<\/h2>\n<\/p>\n<p>[\/et_pb_text][et_pb_text global_parent=&#8221;1645&#8243; _builder_version=&#8221;3.0.77&#8243; background_layout=&#8221;light&#8221; border_style=&#8221;solid&#8221; module_alignment=&#8221;left&#8221; header_text_align=&#8221;center&#8221; animation_style=&#8221;fade&#8221; text_orientation=&#8221;center&#8221;]<\/p>\n<p>Conf\u00e9rences et ateliers pour<br \/>\ninspirer, informer, ouvrir<br \/>\naux potentiels de la cr\u00e9ativit\u00e9.<\/p>\n<\/p>\n<p>[\/et_pb_text][et_pb_text admin_label=&#8221;Mobiliser&#8221; global_parent=&#8221;1645&#8243; _builder_version=&#8221;3.0.77&#8243; background_layout=&#8221;light&#8221; border_style=&#8221;solid&#8221; text_font=&#8221;Cardo||on||&#8221; header_font=&#8221;Cardo||||&#8221; header_font_size=&#8221;36&#8243; text_text_color=&#8221;#e02b20&#8243; header_text_color=&#8221;rgba(3,38,66,0.77)&#8221; module_alignment=&#8221;left&#8221; header_text_align=&#8221;center&#8221; animation_style=&#8221;fade&#8221; text_orientation=&#8221;center&#8221;]<\/p>\n<h1><a href=\"http:\/\/mariovarvoglis.com\/?page_id=1464\">Mobiliser [2]<\/a><\/h1>\n<h2>l&#8217;intelligence<\/h2>\n<\/p>\n<p>[\/et_pb_text][et_pb_text global_parent=&#8221;1645&#8243; _builder_version=&#8221;3.0.77&#8243; background_layout=&#8221;light&#8221; border_style=&#8221;solid&#8221; module_alignment=&#8221;left&#8221; header_text_align=&#8221;center&#8221; animation_style=&#8221;fade&#8221; text_orientation=&#8221;center&#8221;]<\/p>\n<p>De <b>vrais<\/b> <i>brainstormings,<br \/>\n<\/i>aux r\u00e9sultats innovants,<br \/>\ntangibles, mobilisateurs.<\/p>\n<\/p>\n<p>[\/et_pb_text][et_pb_text admin_label=&#8221;Maitriser&#8221; global_parent=&#8221;1645&#8243; _builder_version=&#8221;3.0.77&#8243; background_layout=&#8221;light&#8221; border_style=&#8221;solid&#8221; text_font=&#8221;Cardo||on||&#8221; header_font=&#8221;Cardo||||&#8221; header_font_size=&#8221;36&#8243; text_text_color=&#8221;#e02b20&#8243; header_text_color=&#8221;rgba(3,38,66,0.77)&#8221; module_alignment=&#8221;left&#8221; header_text_align=&#8221;center&#8221; animation_style=&#8221;fade&#8221; text_orientation=&#8221;center&#8221;]<\/p>\n<h1><a href=\"http:\/\/mariovarvoglis.com\/?page_id=1455\">Maitriser [3]<\/a><\/h1>\n<h2>les outils<\/h2>\n<\/p>\n<p>[\/et_pb_text][et_pb_text global_parent=&#8221;1645&#8243; _builder_version=&#8221;3.0.77&#8243; background_layout=&#8221;light&#8221; border_style=&#8221;solid&#8221; module_alignment=&#8221;left&#8221; header_text_align=&#8221;center&#8221; animation_style=&#8221;fade&#8221; text_orientation=&#8221;center&#8221;]<\/p>\n<p>Int\u00e9grer le savoir faire<br \/>\net le savoir \u00eatre<br \/>\nde la cr\u00e9ativit\u00e9 collaborative<\/p>\n<\/p>\n<p>[\/et_pb_text][et_pb_text admin_label=&#8221;P\u00e9renniser&#8221; global_parent=&#8221;1645&#8243; _builder_version=&#8221;3.0.77&#8243; background_layout=&#8221;light&#8221; border_style=&#8221;solid&#8221; text_font=&#8221;Cardo||on||&#8221; header_font=&#8221;Cardo||||&#8221; header_font_size=&#8221;36&#8243; text_text_color=&#8221;#e02b20&#8243; header_text_color=&#8221;rgba(3,38,66,0.77)&#8221; module_alignment=&#8221;left&#8221; header_text_align=&#8221;center&#8221; animation_style=&#8221;fade&#8221; text_orientation=&#8221;center&#8221;]<\/p>\n<h1><a href=\"http:\/\/mariovarvoglis.com\/?page_id=1445\">P\u00e9renniser [4]<\/a><\/h1>\n<h2>la dynamique<\/h2>\n<\/p>\n<p>[\/et_pb_text][et_pb_text global_parent=&#8221;1645&#8243; _builder_version=&#8221;3.0.77&#8243; background_layout=&#8221;light&#8221; border_style=&#8221;solid&#8221; module_alignment=&#8221;left&#8221; header_text_align=&#8221;center&#8221; animation_style=&#8221;fade&#8221; text_orientation=&#8221;center&#8221;]<\/p>\n<p>Les strat\u00e9gies pour ancrer l\u2019innovation<br \/>\ndans le quotidien<br \/>\nDynamiser l\u2019\u00e9nergie cr\u00e9ative de tous.<\/p>\n<\/p>\n<p>[\/et_pb_text][\/et_pb_column][\/et_pb_row][\/et_pb_section]<\/p>\n","protected":false},"excerpt":{"rendered":"<p>[et_pb_section bb_built=&#8221;1&#8243; fullwidth=&#8221;on&#8221; specialty=&#8221;off&#8221; _builder_version=&#8221;3.0.77&#8243; parallax=&#8221;on&#8221; inner_shadow=&#8221;on&#8221; background_color=&#8221;rgba(0,0,0,0.77)&#8221;][et_pb_fullwidth_header _builder_version=&#8221;3.0.77&#8243; title=&#8221;Initier le mouvement&#8221; text_orientation=&#8221;center&#8221; header_fullscreen=&#8221;off&#8221; header_scroll_down=&#8221;off&#8221; image_orientation=&#8221;center&#8221; background_layout=&#8221;dark&#8221; content_orientation=&#8221;center&#8221; custom_button_one=&#8221;off&#8221; button_one_letter_spacing=&#8221;0&#8243; button_one_icon_placement=&#8221;right&#8221; button_one_letter_spacing_hover=&#8221;0&#8243; custom_button_two=&#8221;off&#8221; button_two_letter_spacing=&#8221;0&#8243; button_two_icon_placement=&#8221;right&#8221; button_two_letter_spacing_hover=&#8221;0&#8243; title_font=&#8221;Cardo||on||&#8221; title_font_size=&#8221;52&#8243; \/][\/et_pb_section][et_pb_section bb_built=&#8221;1&#8243; fullwidth=&#8221;on&#8221; specialty=&#8221;off&#8221; _builder_version=&#8221;3.0.77&#8243; parallax=&#8221;on&#8221; inner_shadow=&#8221;on&#8221; background_color=&#8221;#eaeaea&#8221;][et_pb_fullwidth_header _builder_version=&#8221;3.0.77&#8243; title=&#8221;Nos conf\u00e9rences sont informatives, divertissantes et inspirantes. Un levier d\u2019excellence pour lancer le mouvement vers la culture d\u2019innovation&#8230;&#8221; [&hellip;]<\/p>\n","protected":false},"author":1,"featured_media":0,"parent":1372,"menu_order":0,"comment_status":"closed","ping_status":"closed","template":"","meta":[],"_links":{"self":[{"href":"https:\/\/mariovarvoglis.com\/index.php?rest_route=\/wp\/v2\/pages\/1405"}],"collection":[{"href":"https:\/\/mariovarvoglis.com\/index.php?rest_route=\/wp\/v2\/pages"}],"about":[{"href":"https:\/\/mariovarvoglis.com\/index.php?rest_route=\/wp\/v2\/types\/page"}],"author":[{"embeddable":true,"href":"https:\/\/mariovarvoglis.com\/index.php?rest_route=\/wp\/v2\/users\/1"}],"replies":[{"embeddable":true,"href":"https:\/\/mariovarvoglis.com\/index.php?rest_route=%2Fwp%2Fv2%2Fcomments&post=1405"}],"version-history":[{"count":47,"href":"https:\/\/mariovarvoglis.com\/index.php?rest_route=\/wp\/v2\/pages\/1405\/revisions"}],"predecessor-version":[{"id":1676,"href":"https:\/\/mariovarvoglis.com\/index.php?rest_route=\/wp\/v2\/pages\/1405\/revisions\/1676"}],"up":[{"embeddable":true,"href":"https:\/\/mariovarvoglis.com\/index.php?rest_route=\/wp\/v2\/pages\/1372"}],"wp:attachment":[{"href":"https:\/\/mariovarvoglis.com\/index.php?rest_route=%2Fwp%2Fv2%2Fmedia&parent=1405"}],"curies":[{"name":"wp","href":"https:\/\/api.w.org\/{rel}","templated":true}]}}