{"id":1445,"date":"2017-10-16T15:37:37","date_gmt":"2017-10-16T13:37:37","guid":{"rendered":"http:\/\/mariovarvoglis.com\/?page_id=1445"},"modified":"2017-10-20T11:00:20","modified_gmt":"2017-10-20T09:00:20","slug":"enraciner-le-reflexe-creatif-transition","status":"publish","type":"page","link":"https:\/\/mariovarvoglis.com\/?page_id=1445","title":{"rendered":"P\u00e9renniser la dynamique"},"content":{"rendered":"<p>[et_pb_section bb_built=&#8221;1&#8243; fullwidth=&#8221;on&#8221; specialty=&#8221;off&#8221; _builder_version=&#8221;3.0.77&#8243; background_image=&#8221;http:\/\/mariovarvoglis.com\/wp-content\/uploads\/2017\/10\/04-Initier-Mobiliser-etc-Gray-NEW-2b.jpg&#8221; parallax=&#8221;on&#8221; inner_shadow=&#8221;on&#8221;][et_pb_fullwidth_header _builder_version=&#8221;3.0.77&#8243; title=&#8221;P\u00e9renniser la dynamique&#8221; text_orientation=&#8221;center&#8221; header_fullscreen=&#8221;off&#8221; header_scroll_down=&#8221;off&#8221; image_orientation=&#8221;center&#8221; background_layout=&#8221;dark&#8221; content_orientation=&#8221;center&#8221; custom_button_one=&#8221;off&#8221; button_one_letter_spacing=&#8221;0&#8243; button_one_icon_placement=&#8221;right&#8221; button_one_letter_spacing_hover=&#8221;0&#8243; custom_button_two=&#8221;off&#8221; button_two_letter_spacing=&#8221;0&#8243; button_two_icon_placement=&#8221;right&#8221; button_two_letter_spacing_hover=&#8221;0&#8243; title_font=&#8221;Cardo||on||&#8221; title_font_size=&#8221;52&#8243; \/][\/et_pb_section][et_pb_section bb_built=&#8221;1&#8243; fullwidth=&#8221;on&#8221; specialty=&#8221;off&#8221; _builder_version=&#8221;3.0.77&#8243; parallax=&#8221;on&#8221; inner_shadow=&#8221;on&#8221; background_color=&#8221;#eaeaea&#8221;][et_pb_fullwidth_header _builder_version=&#8221;3.0.77&#8243; title=&#8221;Vous accompagner pour ancrer l\u2019innovation dans l\u2019organisation. Installer un \u00e9cosyst\u00e8me qui nourrit la cr\u00e9ativit\u00e9 de tous, \u00e0 tous les niveaux.&#8221; text_orientation=&#8221;center&#8221; header_fullscreen=&#8221;off&#8221; header_scroll_down=&#8221;off&#8221; image_orientation=&#8221;center&#8221; background_layout=&#8221;light&#8221; content_orientation=&#8221;center&#8221; custom_button_one=&#8221;off&#8221; button_one_letter_spacing=&#8221;0&#8243; button_one_icon_placement=&#8221;right&#8221; button_one_letter_spacing_hover=&#8221;0&#8243; custom_button_two=&#8221;off&#8221; button_two_letter_spacing=&#8221;0&#8243; button_two_icon_placement=&#8221;right&#8221; button_two_letter_spacing_hover=&#8221;0&#8243; title_font=&#8221;Cardo||on||&#8221; title_font_size=&#8221;27&#8243; max_width_tablet=&#8221;50px&#8221; \/][\/et_pb_section][et_pb_section bb_built=&#8221;1&#8243; fullwidth=&#8221;off&#8221; specialty=&#8221;off&#8221; _builder_version=&#8221;3.0.77&#8243; background_image=&#8221;http:\/\/mariovarvoglis.com\/wp-content\/uploads\/2017\/10\/04-Initier-Mobiliser-etc-Gray-NEW-2b.jpg&#8221; parallax=&#8221;on&#8221; inner_shadow=&#8221;on&#8221;][et_pb_row][et_pb_column type=&#8221;4_4&#8243;][et_pb_text _builder_version=&#8221;3.0.77&#8243; background_layout=&#8221;dark&#8221; border_style=&#8221;solid&#8221; module_alignment=&#8221;left&#8221;]<\/p>\n<p>Il faut l\u2019avouer : en fin de compte, au-del\u00e0 de la formation des \u00e9quipes et des sessions de cr\u00e9ativit\u00e9 appliqu\u00e9es, certes productives mais ponctuelles, notre vraie ambition est de vous accompagner dans l\u2019\u00e9volution de votre organisation, en ancrant progressivement l\u2019esprit de cr\u00e9ativit\u00e9 au quotidien et \u00e0 tous niveaux.<br \/>\nInscrire le \u00ab r\u00e9flexe d\u2019innovation \u00bb dans l\u2019ADN de l\u2019organisation est un projet ambitieux et engageant, qui fait sortir hors de la zone de confort. Mais c\u2019est une de meilleures cartes qu\u2019une entreprise puisse jouer aujourd\u2019hui, \u00e0 la fois au niveau \u00e9conomique et au niveau humain, dans une prospective dynamique.<br \/>\nNous accompagnons les dirigeants dans ce changement, travaillant sur la mobilisation des leviers les plus efficaces pour syst\u00e9matiser la cr\u00e9ativit\u00e9 collaborative et le r\u00e9flexe d\u2019innovation, dans le respect du contexte et de la \u00abpersonnalit\u00e9\u00bb de l\u2019organisation.<\/p>\n<p>[\/et_pb_text][\/et_pb_column][\/et_pb_row][\/et_pb_section][et_pb_section bb_built=&#8221;1&#8243; _builder_version=&#8221;3.0.77&#8243; background_image=&#8221;http:\/\/mariovarvoglis.com\/wp-content\/uploads\/2017\/10\/02-convictions-3back-1.jpg&#8221; parallax=&#8221;on&#8221; inner_shadow=&#8221;on&#8221;][et_pb_row][et_pb_column type=&#8221;4_4&#8243;][et_pb_image _builder_version=&#8221;3.0.77&#8243; src=&#8221;http:\/\/mariovarvoglis.com\/wp-content\/uploads\/2017\/09\/Enraciner-allb.png&#8221; show_in_lightbox=&#8221;off&#8221; url_new_window=&#8221;off&#8221; use_overlay=&#8221;off&#8221; sticky=&#8221;on&#8221; align=&#8221;center&#8221; always_center_on_mobile=&#8221;on&#8221; border_style=&#8221;solid&#8221; force_fullwidth=&#8221;off&#8221; module_class=&#8221;img_graystyle&#8221; max_width=&#8221;750px&#8221; animation_style=&#8221;slide&#8221; animation_duration=&#8221;500ms&#8221; animation_intensity_slide=&#8221;10%&#8221; animation_direction=&#8221;left&#8221; show_bottom_space=&#8221;off&#8221; \/][\/et_pb_column][\/et_pb_row][et_pb_row][et_pb_column type=&#8221;1_3&#8243;][et_pb_image _builder_version=&#8221;3.0.71&#8243; src=&#8221;http:\/\/mariovarvoglis.com\/wp-content\/uploads\/2017\/09\/TEVA-CMYK.png&#8221; show_in_lightbox=&#8221;off&#8221; url_new_window=&#8221;off&#8221; use_overlay=&#8221;off&#8221; sticky=&#8221;off&#8221; align=&#8221;center&#8221; always_center_on_mobile=&#8221;on&#8221; border_style=&#8221;solid&#8221; force_fullwidth=&#8221;off&#8221; module_class=&#8221;img_graystyle&#8221; max_width=&#8221;200px&#8221; animation_style=&#8221;slide&#8221; animation_duration=&#8221;500ms&#8221; animation_intensity_slide=&#8221;10%&#8221; animation_direction=&#8221;left&#8221; \/][\/et_pb_column][et_pb_column type=&#8221;1_3&#8243;][et_pb_text _builder_version=&#8221;3.0.77&#8243; background_layout=&#8221;light&#8221; border_style=&#8221;solid&#8221; module_alignment=&#8221;left&#8221;]<\/p>\n<p>A la suite d\u2019un workshop d\u2019une demi-journ\u00e9e pour le comit\u00e9 ex\u00e9cutif de Teva France, il a \u00e9t\u00e9 d\u00e9cid\u00e9 de lancer des sessions de formation de deux jours pour une centaine de personnes: la totalit\u00e9 du senior management, les membres du comit\u00e9 ex\u00e9cutif et certaines \u00e9quipes-projet. Ensuite, une douzaine des personnes ont \u00e9t\u00e9 form\u00e9es pour \u00eatre des \u00abrelais de cr\u00e9ativit\u00e9\u00bb internes. Ils assurent maintenant le d\u00e9ploiement aupr\u00e8s de l&#8217;ensemble du personnel, de courtes formations sur deux outils, permettant \u00e0 tous de contribuer aux r\u00e9unions de cr\u00e9ativit\u00e9 collaborative avec une m\u00e9thode et un langage partag\u00e9.<\/p>\n<p>[\/et_pb_text][\/et_pb_column][et_pb_column type=&#8221;1_3&#8243;][et_pb_testimonial _builder_version=&#8221;3.0.71&#8243; author=&#8221;Erick Roche&#8221; job_title=&#8221;Pr\u00e9sident&#8221; company_name=&#8221;Teva France&#8221; url_new_window=&#8221;off&#8221; quote_icon=&#8221;on&#8221; use_background_color=&#8221;on&#8221; quote_icon_background_color=&#8221;#f5f5f5&#8243; background_layout=&#8221;light&#8221; text_orientation=&#8221;left&#8221; border_style=&#8221;solid&#8221;]<\/p>\n<p>Je n\u2019ai que d\u2019excellents souvenirs de ma collaboration avec Mario, que je connais depuis des ann\u00e9es. Il est intervenu dans plusieurs des entreprises pour lesquelles j\u2019ai travaill\u00e9, en tant que formateur ou facilitateur de r\u00e9unions d\u2019innovation. Le contenu de ses interventions, l\u2019 approche p\u00e9dagogique, son \u00e9coute et son respect de l\u2019autre, ont \u00e0 chaque fois \u00e9t\u00e9 tr\u00e8s positives. Toutes les \u00e9quipes qui l\u2019ont crois\u00e9 ont \u00e9t\u00e9 transform\u00e9s dans leur mani\u00e8re d\u2019appr\u00e9hender et d\u2019aborder les challenges au sein de l\u2019entreprise.<\/p>\n<p>[\/et_pb_testimonial][\/et_pb_column][\/et_pb_row][et_pb_row][et_pb_column type=&#8221;1_2&#8243;][et_pb_image _builder_version=&#8221;3.0.71&#8243; src=&#8221;http:\/\/mariovarvoglis.com\/wp-content\/uploads\/2017\/09\/Veolia-CMYK.png&#8221; show_in_lightbox=&#8221;off&#8221; url_new_window=&#8221;off&#8221; use_overlay=&#8221;off&#8221; sticky=&#8221;off&#8221; align=&#8221;center&#8221; always_center_on_mobile=&#8221;on&#8221; border_style=&#8221;solid&#8221; force_fullwidth=&#8221;off&#8221; module_class=&#8221;img_graystyle&#8221; max_width=&#8221;200px&#8221; animation_style=&#8221;slide&#8221; animation_duration=&#8221;500ms&#8221; animation_intensity_slide=&#8221;10%&#8221; animation_direction=&#8221;left&#8221; \/][et_pb_testimonial _builder_version=&#8221;3.0.71&#8243; author=&#8221;Herv\u00e9 SUTY&#8221; job_title=&#8221;Directeur G\u00e9n\u00e9ral | Recherche et D\u00e9veloppement&#8221; company_name=&#8221;VEOLIA ENVIRONNEMENT&#8221; url_new_window=&#8221;off&#8221; quote_icon=&#8221;on&#8221; use_background_color=&#8221;on&#8221; quote_icon_background_color=&#8221;#f5f5f5&#8243; background_layout=&#8221;light&#8221; text_orientation=&#8221;left&#8221; border_style=&#8221;solid&#8221;]<\/p>\n<p>Nous travaillons depuis plusieurs ann\u00e9es avec Mario Varvoglis, qui assure pour notre compte l\u2019animation et le suivi de d\u00e9marches d\u2019innovation, la formation de notre personnel \u00e0 l\u2019animation de brainstorming et le conseil dans notre d\u00e9marche de cr\u00e9ativit\u00e9.<\/p>\n<p>Nous avons obtenu dans cette collaboration d\u2019excellents r\u00e9sultats qui ont d\u00e9bouch\u00e9 sur le d\u00e9veloppement de nombreux projets innovants.<\/p>\n<p>[\/et_pb_testimonial][\/et_pb_column][et_pb_column type=&#8221;1_2&#8243;][et_pb_image _builder_version=&#8221;3.0.71&#8243; src=&#8221;http:\/\/mariovarvoglis.com\/wp-content\/uploads\/2017\/09\/IMATECH-CMYK.png&#8221; show_in_lightbox=&#8221;off&#8221; url_new_window=&#8221;off&#8221; use_overlay=&#8221;off&#8221; sticky=&#8221;off&#8221; align=&#8221;center&#8221; always_center_on_mobile=&#8221;on&#8221; border_style=&#8221;solid&#8221; force_fullwidth=&#8221;off&#8221; module_class=&#8221;img_graystyle&#8221; max_width=&#8221;200px&#8221; animation_style=&#8221;slide&#8221; animation_duration=&#8221;500ms&#8221; animation_intensity_slide=&#8221;10%&#8221; animation_direction=&#8221;left&#8221; \/][et_pb_testimonial _builder_version=&#8221;3.0.71&#8243; author=&#8221;Arnaud Edard&#8221; job_title=&#8221;Directeur d\u2019Innovation&#8221; company_name=&#8221;IMA technologies&#8221; url_new_window=&#8221;off&#8221; quote_icon=&#8221;on&#8221; use_background_color=&#8221;on&#8221; quote_icon_background_color=&#8221;#f5f5f5&#8243; background_layout=&#8221;light&#8221; text_orientation=&#8221;left&#8221; border_style=&#8221;solid&#8221;]<\/p>\n<p>Mario fait honneur \u00e0 sa signature, catalyseur de cr\u00e9ativit\u00e9. En effet, nous avions lanc\u00e9 nos d\u00e9marches d\u2019innovation depuis plus de trois ans quand notre route a crois\u00e9 celle de Mario Varvoglis. Malgr\u00e9 quelques succ\u00e8s et de nombreux outils, nous n\u2019arrivions pas \u00e0 clarifier notre m\u00e9thodologie. Mario nous a \u00e9clair\u00e9 le chemin de l\u2019innovation continue et cr\u00e9ative de valeur. Sa simplicit\u00e9 d\u2019acc\u00e8s et sa gentillesse n\u2019ont d\u2019\u00e9gale que son immense exp\u00e9rience.<\/p>\n<p>[\/et_pb_testimonial][\/et_pb_column][\/et_pb_row][\/et_pb_section][et_pb_section bb_built=&#8221;1&#8243; fullwidth=&#8221;on&#8221; specialty=&#8221;off&#8221; _builder_version=&#8221;3.0.77&#8243; background_color=&#8221;rgba(0,0,0,0.77)&#8221;][et_pb_fullwidth_header _builder_version=&#8221;3.0.77&#8243; title=&#8221;Ce que nous faisons\u2026 &#8221; text_orientation=&#8221;center&#8221; header_fullscreen=&#8221;off&#8221; header_scroll_down=&#8221;off&#8221; image_orientation=&#8221;center&#8221; background_layout=&#8221;dark&#8221; content_orientation=&#8221;center&#8221; title_font=&#8221;Cardo||on||&#8221; title_font_size=&#8221;44&#8243; custom_button_one=&#8221;off&#8221; button_one_letter_spacing=&#8221;0&#8243; button_one_icon_placement=&#8221;right&#8221; button_one_letter_spacing_hover=&#8221;0&#8243; custom_button_two=&#8221;off&#8221; button_two_letter_spacing=&#8221;0&#8243; button_two_icon_placement=&#8221;right&#8221; button_two_letter_spacing_hover=&#8221;0&#8243; \/][\/et_pb_section][et_pb_section bb_built=&#8221;1&#8243; fullwidth=&#8221;off&#8221; specialty=&#8221;off&#8221; _builder_version=&#8221;3.0.77&#8243; parallax=&#8221;on&#8221; inner_shadow=&#8221;on&#8221; background_image=&#8221;http:\/\/mariovarvoglis.com\/wp-content\/uploads\/2017\/10\/04-Initier-Mobiliser-etc-Gray-NEW-1.jpg&#8221; disabled=&#8221;off&#8221; disabled_on=&#8221;on|on|&#8221; global_module=&#8221;1376&#8243;][et_pb_row global_parent=&#8221;1376&#8243;][et_pb_column type=&#8221;1_3&#8243;][et_pb_text admin_label=&#8221;Initier&#8221; global_parent=&#8221;1376&#8243; _builder_version=&#8221;3.0.77&#8243; background_layout=&#8221;light&#8221; border_style=&#8221;solid&#8221; text_font=&#8221;Cardo||on||&#8221; header_font=&#8221;Cardo||||&#8221; header_font_size=&#8221;36&#8243; text_text_color=&#8221;#e02b20&#8243; header_text_color=&#8221;rgba(3,38,66,0.77)&#8221; module_alignment=&#8221;left&#8221; text_orientation=&#8221;right&#8221; header_text_align=&#8221;right&#8221; custom_margin=&#8221;||-5px|&#8221; animation_style=&#8221;fade&#8221; custom_padding=&#8221;60px|30px||&#8221;]<\/p>\n<h1><a href=\"http:\/\/mariovarvoglis.com\/?page_id=1405\">Initier [1]<\/a><\/h1>\n<h2>le mouvement<\/h2>\n<p>[\/et_pb_text][et_pb_text global_parent=&#8221;1376&#8243; _builder_version=&#8221;3.0.77&#8243; background_layout=&#8221;light&#8221; border_style=&#8221;solid&#8221; module_alignment=&#8221;left&#8221; text_orientation=&#8221;right&#8221; header_text_align=&#8221;right&#8221; animation_style=&#8221;fade&#8221; custom_padding=&#8221;|30px||&#8221; custom_margin=&#8221;||-50px|&#8221;]<\/p>\n<p>Conf\u00e9rences et ateliers pour<br \/>\ninspirer, informer, ouvrir<br \/>\naux potentiels de la cr\u00e9ativit\u00e9.<\/p>\n<p>[\/et_pb_text][et_pb_text admin_label=&#8221;Maitriser&#8221; global_parent=&#8221;1376&#8243; _builder_version=&#8221;3.0.77&#8243; background_layout=&#8221;light&#8221; border_style=&#8221;solid&#8221; text_font=&#8221;Cardo||on||&#8221; header_font=&#8221;Cardo||||&#8221; header_font_size=&#8221;36&#8243; text_text_color=&#8221;#e02b20&#8243; header_text_color=&#8221;rgba(3,38,66,0.77)&#8221; module_alignment=&#8221;left&#8221; header_text_align=&#8221;right&#8221; custom_margin=&#8221;45px||-5px|&#8221; custom_padding=&#8221;45px|||30px&#8221; animation_style=&#8221;fade&#8221; text_orientation=&#8221;right&#8221;]<\/p>\n<h1><a href=\"http:\/\/mariovarvoglis.com\/?page_id=1455\">Maitriser [3]<\/a><\/h1>\n<h2>les outils<\/h2>\n<p>[\/et_pb_text][et_pb_text global_parent=&#8221;1376&#8243; _builder_version=&#8221;3.0.77&#8243; background_layout=&#8221;light&#8221; border_style=&#8221;solid&#8221; module_alignment=&#8221;left&#8221; header_text_align=&#8221;right&#8221; custom_padding=&#8221;||45px|30px&#8221; animation_style=&#8221;fade&#8221; text_orientation=&#8221;right&#8221;]<\/p>\n<p>Int\u00e9grer le savoir faire<br \/>\net le savoir \u00eatre<br \/>\nde la cr\u00e9ativit\u00e9 collaborative<\/p>\n<p>[\/et_pb_text][\/et_pb_column][et_pb_column type=&#8221;1_3&#8243;][et_pb_image admin_label=&#8221;DESKTOP VERSION &#8211; Ce ques nous faisons&#8221; global_parent=&#8221;1376&#8243; _builder_version=&#8221;3.0.77&#8243; src=&#8221;http:\/\/mariovarvoglis.com\/wp-content\/uploads\/2017\/10\/04-Initier-Mobiliser-etc-6.png&#8221; show_in_lightbox=&#8221;off&#8221; url_new_window=&#8221;off&#8221; use_overlay=&#8221;off&#8221; sticky=&#8221;off&#8221; align=&#8221;left&#8221; always_center_on_mobile=&#8221;on&#8221; border_style=&#8221;solid&#8221; force_fullwidth=&#8221;off&#8221; animation_style=&#8221;fade&#8221; animation_duration=&#8221;500ms&#8221; animation_intensity_slide=&#8221;10%&#8221; animation_direction=&#8221;left&#8221; show_bottom_space=&#8221;on&#8221; \/][\/et_pb_column][et_pb_column type=&#8221;1_3&#8243;][et_pb_text admin_label=&#8221;Mobiliser&#8221; global_parent=&#8221;1376&#8243; _builder_version=&#8221;3.0.77&#8243; background_layout=&#8221;light&#8221; border_style=&#8221;solid&#8221; text_font=&#8221;Cardo||on||&#8221; header_font=&#8221;Cardo||||&#8221; header_font_size=&#8221;36&#8243; text_text_color=&#8221;#e02b20&#8243; header_text_color=&#8221;rgba(3,38,66,0.77)&#8221; module_alignment=&#8221;left&#8221; header_text_align=&#8221;left&#8221; custom_padding=&#8221;60px|||30px&#8221; custom_margin=&#8221;||-5px|&#8221; animation_style=&#8221;fade&#8221;]<\/p>\n<h1><a href=\"http:\/\/mariovarvoglis.com\/?page_id=1464\">[2] Mobiliser<\/a><\/h1>\n<h2>l&#8217;intelligence<\/h2>\n<p>[\/et_pb_text][et_pb_text global_parent=&#8221;1376&#8243; _builder_version=&#8221;3.0.77&#8243; background_layout=&#8221;light&#8221; border_style=&#8221;solid&#8221; module_alignment=&#8221;left&#8221; header_text_align=&#8221;left&#8221; custom_padding=&#8221;|||30px&#8221; animation_style=&#8221;fade&#8221;]<\/p>\n<p>De <b>vrais<\/b> <i>brainstormings,<br \/>\n<\/i>aux r\u00e9sultats innovants,<br \/>\ntangibles, mobilisateurs.<\/p>\n<\/p>\n<p>[\/et_pb_text][et_pb_text admin_label=&#8221;P\u00e9renniser&#8221; global_parent=&#8221;1376&#8243; _builder_version=&#8221;3.0.77&#8243; background_layout=&#8221;light&#8221; border_style=&#8221;solid&#8221; text_font=&#8221;Cardo||on||&#8221; header_font=&#8221;Cardo||||&#8221; header_font_size=&#8221;36&#8243; text_text_color=&#8221;#e02b20&#8243; header_text_color=&#8221;rgba(3,38,66,0.77)&#8221; module_alignment=&#8221;left&#8221; header_text_align=&#8221;left&#8221; custom_margin=&#8221;||-5px|&#8221; animation_style=&#8221;fade&#8221;]<\/p>\n<h1><a href=\"http:\/\/mariovarvoglis.com\/?page_id=1445\">[4] P\u00e9renniser<\/a><\/h1>\n<h2>la dynamique<\/h2>\n<p>[\/et_pb_text][et_pb_text global_parent=&#8221;1376&#8243; _builder_version=&#8221;3.0.77&#8243; background_layout=&#8221;light&#8221; border_style=&#8221;solid&#8221; module_alignment=&#8221;left&#8221; header_text_align=&#8221;left&#8221; custom_padding=&#8221;||45px|&#8221; animation_style=&#8221;fade&#8221;]<\/p>\n<p>Les strat\u00e9gies pour ancrer l\u2019innovation<br \/>\ndans le quotidien<br \/>\nDynamiser l\u2019\u00e9nergie cr\u00e9ative de tous.<\/p>\n<p>[\/et_pb_text][\/et_pb_column][\/et_pb_row][\/et_pb_section][et_pb_section bb_built=&#8221;1&#8243; fullwidth=&#8221;off&#8221; specialty=&#8221;off&#8221; _builder_version=&#8221;3.0.77&#8243; disabled=&#8221;off&#8221; disabled_on=&#8221;||on&#8221; global_module=&#8221;1645&#8243;][et_pb_row global_parent=&#8221;1645&#8243;][et_pb_column type=&#8221;4_4&#8243;][et_pb_image admin_label=&#8221;MOBILE VERSION &#8211; Ce que nous faisons&#8221; global_parent=&#8221;1645&#8243; _builder_version=&#8221;3.0.77&#8243; src=&#8221;http:\/\/mariovarvoglis.com\/wp-content\/uploads\/2017\/10\/04-Initier-Mobiliser-etc-6.png&#8221; show_in_lightbox=&#8221;off&#8221; url_new_window=&#8221;off&#8221; use_overlay=&#8221;off&#8221; sticky=&#8221;off&#8221; align=&#8221;left&#8221; always_center_on_mobile=&#8221;on&#8221; border_style=&#8221;solid&#8221; force_fullwidth=&#8221;off&#8221; animation_style=&#8221;fade&#8221; animation_duration=&#8221;500ms&#8221; animation_intensity_slide=&#8221;10%&#8221; animation_direction=&#8221;left&#8221; show_bottom_space=&#8221;on&#8221; \/][et_pb_text admin_label=&#8221;Initier&#8221; global_parent=&#8221;1645&#8243; _builder_version=&#8221;3.0.77&#8243; background_layout=&#8221;light&#8221; border_style=&#8221;solid&#8221; text_font=&#8221;Cardo||on||&#8221; header_font=&#8221;Cardo||||&#8221; header_font_size=&#8221;36&#8243; text_text_color=&#8221;#e02b20&#8243; header_text_color=&#8221;rgba(3,38,66,0.77)&#8221; module_alignment=&#8221;left&#8221; header_text_align=&#8221;center&#8221; animation_style=&#8221;fade&#8221; text_orientation=&#8221;center&#8221;]<\/p>\n<h1><a href=\"http:\/\/mariovarvoglis.com\/?page_id=1405\">Initier [1]<\/a><\/h1>\n<h2>le mouvement<\/h2>\n<\/p>\n<p>[\/et_pb_text][et_pb_text global_parent=&#8221;1645&#8243; _builder_version=&#8221;3.0.77&#8243; background_layout=&#8221;light&#8221; border_style=&#8221;solid&#8221; module_alignment=&#8221;left&#8221; header_text_align=&#8221;center&#8221; animation_style=&#8221;fade&#8221; text_orientation=&#8221;center&#8221;]<\/p>\n<p>Conf\u00e9rences et ateliers pour<br \/>inspirer, informer, ouvrir<br \/>aux potentiels de la cr\u00e9ativit\u00e9.<\/p>\n<\/p>\n<p>[\/et_pb_text][et_pb_text admin_label=&#8221;Mobiliser&#8221; global_parent=&#8221;1645&#8243; _builder_version=&#8221;3.0.77&#8243; background_layout=&#8221;light&#8221; border_style=&#8221;solid&#8221; text_font=&#8221;Cardo||on||&#8221; header_font=&#8221;Cardo||||&#8221; header_font_size=&#8221;36&#8243; text_text_color=&#8221;#e02b20&#8243; header_text_color=&#8221;rgba(3,38,66,0.77)&#8221; module_alignment=&#8221;left&#8221; header_text_align=&#8221;center&#8221; animation_style=&#8221;fade&#8221; text_orientation=&#8221;center&#8221;]<\/p>\n<h1><a href=\"http:\/\/mariovarvoglis.com\/?page_id=1464\">Mobiliser [2]<\/a><\/h1>\n<h2>l&#8217;intelligence<\/h2>\n<\/p>\n<p>[\/et_pb_text][et_pb_text global_parent=&#8221;1645&#8243; _builder_version=&#8221;3.0.77&#8243; background_layout=&#8221;light&#8221; border_style=&#8221;solid&#8221; module_alignment=&#8221;left&#8221; header_text_align=&#8221;center&#8221; animation_style=&#8221;fade&#8221; text_orientation=&#8221;center&#8221;]<\/p>\n<p>De <b>vrais<\/b> <i>brainstormings,<br \/><\/i>aux r\u00e9sultats innovants,<br \/>tangibles, mobilisateurs.<\/p>\n<\/p>\n<p>[\/et_pb_text][et_pb_text admin_label=&#8221;Maitriser&#8221; global_parent=&#8221;1645&#8243; _builder_version=&#8221;3.0.77&#8243; background_layout=&#8221;light&#8221; border_style=&#8221;solid&#8221; text_font=&#8221;Cardo||on||&#8221; header_font=&#8221;Cardo||||&#8221; header_font_size=&#8221;36&#8243; text_text_color=&#8221;#e02b20&#8243; header_text_color=&#8221;rgba(3,38,66,0.77)&#8221; module_alignment=&#8221;left&#8221; header_text_align=&#8221;center&#8221; animation_style=&#8221;fade&#8221; text_orientation=&#8221;center&#8221;]<\/p>\n<h1><a href=\"http:\/\/mariovarvoglis.com\/?page_id=1455\">Maitriser [3]<\/a><\/h1>\n<h2>les outils<\/h2>\n<\/p>\n<p>[\/et_pb_text][et_pb_text global_parent=&#8221;1645&#8243; _builder_version=&#8221;3.0.77&#8243; background_layout=&#8221;light&#8221; border_style=&#8221;solid&#8221; module_alignment=&#8221;left&#8221; header_text_align=&#8221;center&#8221; animation_style=&#8221;fade&#8221; text_orientation=&#8221;center&#8221;]<\/p>\n<p>Int\u00e9grer le savoir faire<br \/>et le savoir \u00eatre<br \/>de la cr\u00e9ativit\u00e9 collaborative<\/p>\n<\/p>\n<p>[\/et_pb_text][et_pb_text admin_label=&#8221;P\u00e9renniser&#8221; global_parent=&#8221;1645&#8243; _builder_version=&#8221;3.0.77&#8243; background_layout=&#8221;light&#8221; border_style=&#8221;solid&#8221; text_font=&#8221;Cardo||on||&#8221; header_font=&#8221;Cardo||||&#8221; header_font_size=&#8221;36&#8243; text_text_color=&#8221;#e02b20&#8243; header_text_color=&#8221;rgba(3,38,66,0.77)&#8221; module_alignment=&#8221;left&#8221; header_text_align=&#8221;center&#8221; animation_style=&#8221;fade&#8221; text_orientation=&#8221;center&#8221;]<\/p>\n<h1><a href=\"http:\/\/mariovarvoglis.com\/?page_id=1445\">P\u00e9renniser [4]<\/a><\/h1>\n<h2>la dynamique<\/h2>\n<\/p>\n<p>[\/et_pb_text][et_pb_text global_parent=&#8221;1645&#8243; _builder_version=&#8221;3.0.77&#8243; background_layout=&#8221;light&#8221; border_style=&#8221;solid&#8221; module_alignment=&#8221;left&#8221; header_text_align=&#8221;center&#8221; animation_style=&#8221;fade&#8221; text_orientation=&#8221;center&#8221;]<\/p>\n<p>Les strat\u00e9gies pour ancrer l\u2019innovation<br \/>dans le quotidien<br \/>Dynamiser l\u2019\u00e9nergie cr\u00e9ative de tous.<\/p>\n<\/p>\n<p>[\/et_pb_text][\/et_pb_column][\/et_pb_row][\/et_pb_section]<\/p>\n","protected":false},"excerpt":{"rendered":"<p>[et_pb_section bb_built=&#8221;1&#8243; fullwidth=&#8221;on&#8221; specialty=&#8221;off&#8221; _builder_version=&#8221;3.0.77&#8243; background_image=&#8221;http:\/\/mariovarvoglis.com\/wp-content\/uploads\/2017\/10\/04-Initier-Mobiliser-etc-Gray-NEW-2b.jpg&#8221; parallax=&#8221;on&#8221; inner_shadow=&#8221;on&#8221;][et_pb_fullwidth_header _builder_version=&#8221;3.0.77&#8243; title=&#8221;P\u00e9renniser la dynamique&#8221; text_orientation=&#8221;center&#8221; header_fullscreen=&#8221;off&#8221; header_scroll_down=&#8221;off&#8221; image_orientation=&#8221;center&#8221; background_layout=&#8221;dark&#8221; content_orientation=&#8221;center&#8221; custom_button_one=&#8221;off&#8221; button_one_letter_spacing=&#8221;0&#8243; button_one_icon_placement=&#8221;right&#8221; button_one_letter_spacing_hover=&#8221;0&#8243; custom_button_two=&#8221;off&#8221; button_two_letter_spacing=&#8221;0&#8243; button_two_icon_placement=&#8221;right&#8221; button_two_letter_spacing_hover=&#8221;0&#8243; title_font=&#8221;Cardo||on||&#8221; title_font_size=&#8221;52&#8243; \/][\/et_pb_section][et_pb_section bb_built=&#8221;1&#8243; fullwidth=&#8221;on&#8221; specialty=&#8221;off&#8221; _builder_version=&#8221;3.0.77&#8243; parallax=&#8221;on&#8221; inner_shadow=&#8221;on&#8221; background_color=&#8221;#eaeaea&#8221;][et_pb_fullwidth_header _builder_version=&#8221;3.0.77&#8243; title=&#8221;Vous accompagner pour ancrer l\u2019innovation dans l\u2019organisation. Installer un \u00e9cosyst\u00e8me qui nourrit la cr\u00e9ativit\u00e9 de tous, \u00e0 tous [&hellip;]<\/p>\n","protected":false},"author":1,"featured_media":0,"parent":1372,"menu_order":0,"comment_status":"closed","ping_status":"closed","template":"","meta":[],"_links":{"self":[{"href":"https:\/\/mariovarvoglis.com\/index.php?rest_route=\/wp\/v2\/pages\/1445"}],"collection":[{"href":"https:\/\/mariovarvoglis.com\/index.php?rest_route=\/wp\/v2\/pages"}],"about":[{"href":"https:\/\/mariovarvoglis.com\/index.php?rest_route=\/wp\/v2\/types\/page"}],"author":[{"embeddable":true,"href":"https:\/\/mariovarvoglis.com\/index.php?rest_route=\/wp\/v2\/users\/1"}],"replies":[{"embeddable":true,"href":"https:\/\/mariovarvoglis.com\/index.php?rest_route=%2Fwp%2Fv2%2Fcomments&post=1445"}],"version-history":[{"count":17,"href":"https:\/\/mariovarvoglis.com\/index.php?rest_route=\/wp\/v2\/pages\/1445\/revisions"}],"predecessor-version":[{"id":1652,"href":"https:\/\/mariovarvoglis.com\/index.php?rest_route=\/wp\/v2\/pages\/1445\/revisions\/1652"}],"up":[{"embeddable":true,"href":"https:\/\/mariovarvoglis.com\/index.php?rest_route=\/wp\/v2\/pages\/1372"}],"wp:attachment":[{"href":"https:\/\/mariovarvoglis.com\/index.php?rest_route=%2Fwp%2Fv2%2Fmedia&parent=1445"}],"curies":[{"name":"wp","href":"https:\/\/api.w.org\/{rel}","templated":true}]}}