{"id":1455,"date":"2017-10-16T15:47:56","date_gmt":"2017-10-16T13:47:56","guid":{"rendered":"http:\/\/mariovarvoglis.com\/?page_id=1455"},"modified":"2017-10-20T10:59:56","modified_gmt":"2017-10-20T08:59:56","slug":"maitriser-les-outils-transition","status":"publish","type":"page","link":"https:\/\/mariovarvoglis.com\/?page_id=1455","title":{"rendered":"Ma\u00eetriser les outils"},"content":{"rendered":"<p>[et_pb_section bb_built=&#8221;1&#8243; fullwidth=&#8221;on&#8221; specialty=&#8221;off&#8221; _builder_version=&#8221;3.0.77&#8243; background_image=&#8221;http:\/\/mariovarvoglis.com\/wp-content\/uploads\/2017\/10\/Maitriser-back-2.jpg&#8221; parallax=&#8221;on&#8221; inner_shadow=&#8221;on&#8221;][et_pb_fullwidth_header _builder_version=&#8221;3.0.77&#8243; title=&#8221;Ma\u00eetriser les outils&#8221; text_orientation=&#8221;center&#8221; header_fullscreen=&#8221;off&#8221; header_scroll_down=&#8221;off&#8221; image_orientation=&#8221;center&#8221; background_layout=&#8221;dark&#8221; content_orientation=&#8221;center&#8221; custom_button_one=&#8221;off&#8221; button_one_letter_spacing=&#8221;0&#8243; button_one_icon_placement=&#8221;right&#8221; button_one_letter_spacing_hover=&#8221;0&#8243; custom_button_two=&#8221;off&#8221; button_two_letter_spacing=&#8221;0&#8243; button_two_icon_placement=&#8221;right&#8221; button_two_letter_spacing_hover=&#8221;0&#8243; title_font=&#8221;Cardo||on||&#8221; title_font_size=&#8221;52&#8243; \/][\/et_pb_section][et_pb_section bb_built=&#8221;1&#8243; fullwidth=&#8221;on&#8221; specialty=&#8221;off&#8221; _builder_version=&#8221;3.0.77&#8243; parallax=&#8221;on&#8221; inner_shadow=&#8221;on&#8221; background_color=&#8221;#eaeaea&#8221;][et_pb_fullwidth_header _builder_version=&#8221;3.0.77&#8243; title=&#8221;En format court ou approfondi, nos trainings assurent trois \u00e9l\u00e9ments-cl\u00e9 de la cr\u00e9ativit\u00e9 collaborative: la posture mentale et relationnelle, les outils et m\u00e9thodes, la mise-en-pratique&#8230;&#8221; text_orientation=&#8221;center&#8221; header_fullscreen=&#8221;off&#8221; header_scroll_down=&#8221;off&#8221; image_orientation=&#8221;center&#8221; background_layout=&#8221;light&#8221; content_orientation=&#8221;center&#8221; custom_button_one=&#8221;off&#8221; button_one_letter_spacing=&#8221;0&#8243; button_one_icon_placement=&#8221;right&#8221; button_one_letter_spacing_hover=&#8221;0&#8243; custom_button_two=&#8221;off&#8221; button_two_letter_spacing=&#8221;0&#8243; button_two_icon_placement=&#8221;right&#8221; button_two_letter_spacing_hover=&#8221;0&#8243; title_font=&#8221;Cardo||on||&#8221; title_font_size=&#8221;27&#8243; \/][\/et_pb_section][et_pb_section bb_built=&#8221;1&#8243; fullwidth=&#8221;off&#8221; specialty=&#8221;off&#8221; _builder_version=&#8221;3.0.77&#8243; background_image=&#8221;http:\/\/mariovarvoglis.com\/wp-content\/uploads\/2017\/10\/Maitriser-back-d.jpg&#8221; parallax=&#8221;on&#8221; inner_shadow=&#8221;on&#8221;][et_pb_row][et_pb_column type=&#8221;4_4&#8243;][et_pb_text _builder_version=&#8221;3.0.77&#8243; background_layout=&#8221;dark&#8221; border_style=&#8221;solid&#8221;]<\/p>\n<p>Nous avons initi\u00e9 plusieurs milliers d&#8217;individus de nombreuses organisations, fran\u00e7aises et internationales, \u00e0 l&#8217;\u00e9tat d&#8217;esprit (mind-set), aux outils et aux meilleures pratiques de la cr\u00e9ativit\u00e9 collaborative.<br \/>\nNos s\u00e9minaires et webinaires sont toujours con\u00e7us sur mesure pour r\u00e9pondre de mani\u00e8re pr\u00e9cise aux objectifs de l\u2019entreprise, pouvant aller de sessions de formation courtes ax\u00e9es sur un outil sp\u00e9cifique, \u00e0 de \u00ab formation-de-formateurs \u00bb intensives pour les futurs <em>relais-cr\u00e9a<\/em> internes.<br \/>\nQuelque soit le cas, notre approche p\u00e9dagogique est toujours vivante, constamment ouverte aux pr\u00e9occupations des participants et surtout pragmatique : elle adh\u00e8re \u00e0 la philosophie de <em>Serious Creativity<\/em> inspir\u00e9e par l\u2019\u00e9cole <em>Creative Problem Solving<\/em> de Buffalo, la <em>Pens\u00e9e Lat\u00e9rale<\/em> de Edward de Bono et le <em>Design Thinking<\/em> de IDEO.<\/p>\n<p>[\/et_pb_text][\/et_pb_column][\/et_pb_row][\/et_pb_section][et_pb_section bb_built=&#8221;1&#8243; _builder_version=&#8221;3.0.77&#8243; background_image=&#8221;http:\/\/mariovarvoglis.com\/wp-content\/uploads\/2017\/10\/02-convictions-3back-1.jpg&#8221; parallax=&#8221;on&#8221; inner_shadow=&#8221;on&#8221;][et_pb_row][et_pb_column type=&#8221;4_4&#8243;][et_pb_image _builder_version=&#8221;3.0.71&#8243; src=&#8221;http:\/\/mariovarvoglis.com\/wp-content\/uploads\/2017\/09\/Maitriser-allb.png&#8221; show_in_lightbox=&#8221;off&#8221; url_new_window=&#8221;off&#8221; use_overlay=&#8221;off&#8221; sticky=&#8221;on&#8221; align=&#8221;center&#8221; always_center_on_mobile=&#8221;on&#8221; border_style=&#8221;solid&#8221; force_fullwidth=&#8221;off&#8221; module_class=&#8221;img_graystyle&#8221; max_width=&#8221;750px&#8221; animation_style=&#8221;slide&#8221; animation_duration=&#8221;500ms&#8221; animation_intensity_slide=&#8221;10%&#8221; animation_direction=&#8221;left&#8221; show_bottom_space=&#8221;off&#8221; \/][\/et_pb_column][\/et_pb_row][et_pb_row][et_pb_column type=&#8221;1_3&#8243;][et_pb_image _builder_version=&#8221;3.0.71&#8243; src=&#8221;http:\/\/mariovarvoglis.com\/wp-content\/uploads\/2017\/09\/N-arkadin.png&#8221; show_in_lightbox=&#8221;off&#8221; url_new_window=&#8221;off&#8221; use_overlay=&#8221;off&#8221; sticky=&#8221;off&#8221; align=&#8221;left&#8221; always_center_on_mobile=&#8221;on&#8221; border_style=&#8221;solid&#8221; force_fullwidth=&#8221;off&#8221; module_class=&#8221;img_graystyle&#8221; animation_style=&#8221;slide&#8221; animation_duration=&#8221;500ms&#8221; animation_intensity_slide=&#8221;10%&#8221; animation_direction=&#8221;left&#8221; \/][\/et_pb_column][et_pb_column type=&#8221;1_3&#8243;][et_pb_text _builder_version=&#8221;3.0.77&#8243; background_layout=&#8221;light&#8221; border_style=&#8221;solid&#8221; module_alignment=&#8221;left&#8221; header_text_color=&#8221;rgba(3,38,66,0.77)&#8221; header_font=&#8221;Cardo||on||&#8221; header_font_size=&#8221;24&#8243; text_font=&#8221;Cardo||on||&#8221; text_font_size=&#8221;24&#8243; text_text_color=&#8221;rgba(3,38,66,0.77)&#8221;]<\/p>\n<p>J\u2019ai rencontr\u00e9 Serge Genetet \u00e0 Singapore, o\u00f9 j\u2019intervenais en tant qu\u2019expert APM (Association Progr\u00e8s du Management) pour les dirigeants fran\u00e7ais install\u00e9s sur place.<\/p>\n<p>[\/et_pb_text][et_pb_text _builder_version=&#8221;3.0.77&#8243; background_layout=&#8221;light&#8221; border_style=&#8221;solid&#8221; module_alignment=&#8221;left&#8221;]<\/p>\n<p>Serge, enthousiasm\u00e9 par les m\u00e9thodes qu\u2019il venait de d\u00e9couvrir, a de suite convaincu ses associ\u00e9s de l\u2019int\u00e9r\u00eat de les adopter dans tous les bureaux d\u2019Arkadin en Asie-Pacifique.<\/p>\n<p>Nous avons mis une serie de webinaires interactifs pour former les relais-cr\u00e9a dans les diff\u00e9rents pays de la r\u00e9gion.<\/p>\n<p>[\/et_pb_text][\/et_pb_column][et_pb_column type=&#8221;1_3&#8243;][et_pb_testimonial _builder_version=&#8221;3.0.77&#8243; author=&#8221;Serge Genetet&#8221; job_title=&#8221;Executive VP \/ Managing Director Asia Pacific&#8221; company_name=&#8221;Arkadin&#8221; url_new_window=&#8221;off&#8221; quote_icon=&#8221;on&#8221; use_background_color=&#8221;on&#8221; quote_icon_background_color=&#8221;#f5f5f5&#8243; background_layout=&#8221;light&#8221; border_style=&#8221;solid&#8221;]<\/p>\n<p>Mario, gr\u00e2ce \u00e0 vous, nous avons pu lancer dans 9 pays d&#8217;Asie Pacifique une initiative d&#8217;innovation tr\u00e8s r\u00e9ussie. Nos consultants internes que vous avez form\u00e9 \u00e0 distance sont maintenant enti\u00e8rement op\u00e9rationnels et soutiennent chaque mois la g\u00e9n\u00e9ration collaborative de centaines d&#8217;id\u00e9es pratiques! Un grand merci pour cela. Nous ne pensions pas que cela pourrait \u00eatre fait et c&#8217;est la r\u00e9alit\u00e9 maintenant.<\/p>\n<p>[\/et_pb_testimonial][\/et_pb_column][\/et_pb_row][et_pb_row][et_pb_column type=&#8221;1_2&#8243;][et_pb_image _builder_version=&#8221;3.0.71&#8243; src=&#8221;http:\/\/mariovarvoglis.com\/wp-content\/uploads\/2017\/09\/EDP-CMYK.png&#8221; show_in_lightbox=&#8221;off&#8221; url_new_window=&#8221;off&#8221; use_overlay=&#8221;off&#8221; sticky=&#8221;off&#8221; align=&#8221;center&#8221; always_center_on_mobile=&#8221;on&#8221; border_style=&#8221;solid&#8221; force_fullwidth=&#8221;off&#8221; module_class=&#8221;img_graystyle&#8221; max_width=&#8221;300px&#8221; animation_style=&#8221;slide&#8221; animation_duration=&#8221;500ms&#8221; animation_intensity_slide=&#8221;10%&#8221; animation_direction=&#8221;left&#8221; \/][et_pb_testimonial _builder_version=&#8221;3.0.71&#8243; author=&#8221;Ana Margarida de CASTRO SANCHES&#8221; job_title=&#8221;Executive Manager, Corporate University&#8221; company_name=&#8221;ENERGIAS DE PORTUGAL&#8221; url_new_window=&#8221;off&#8221; quote_icon=&#8221;on&#8221; use_background_color=&#8221;on&#8221; quote_icon_background_color=&#8221;#f5f5f5&#8243; background_layout=&#8221;light&#8221; text_orientation=&#8221;left&#8221; border_style=&#8221;solid&#8221;]<\/p>\n<p>Depuis 2010, Mario aide l\u2019EDP (Energias de Portugal, la plus grande soci\u00e9t\u00e9 de Portugal) \u00e0 cr\u00e9er une nouvelle g\u00e9n\u00e9ration de leaders. Grace \u00e0 lui, nous avons pu r\u00e9pandre le know-how de la cr\u00e9ativit\u00e9 \u00e0 tout niveau de l\u2019organisation. Son approche p\u00e9dagogique est unique, combinant une formation dynamique et interactive avec analyses de cas, applications concr\u00e8tes et une bonne dose d\u2019humour. Je le recommande hautement \u00e0 toute organisation.<\/p>\n<p>[\/et_pb_testimonial][\/et_pb_column][et_pb_column type=&#8221;1_2&#8243;][et_pb_image _builder_version=&#8221;3.0.71&#8243; src=&#8221;http:\/\/mariovarvoglis.com\/wp-content\/uploads\/2017\/09\/EHESP-CMYK.png&#8221; show_in_lightbox=&#8221;off&#8221; url_new_window=&#8221;off&#8221; use_overlay=&#8221;off&#8221; sticky=&#8221;off&#8221; align=&#8221;center&#8221; always_center_on_mobile=&#8221;on&#8221; border_style=&#8221;solid&#8221; force_fullwidth=&#8221;off&#8221; module_class=&#8221;img_graystyle&#8221; max_width=&#8221;300px&#8221; animation_style=&#8221;slide&#8221; animation_duration=&#8221;500ms&#8221; animation_intensity_slide=&#8221;10%&#8221; animation_direction=&#8221;left&#8221; \/][et_pb_testimonial _builder_version=&#8221;3.0.71&#8243; author=&#8221;Xavier MARTINAULT&#8221; job_title=&#8221;Direction des Etudes Formation continue&#8221; company_name=&#8221;ECOLE DES HAUTES ETUDES EN SANTE PUBLIQUE (EHESP)&#8221; url_new_window=&#8221;off&#8221; quote_icon=&#8221;on&#8221; use_background_color=&#8221;on&#8221; quote_icon_background_color=&#8221;#f5f5f5&#8243; background_layout=&#8221;light&#8221; text_orientation=&#8221;left&#8221; border_style=&#8221;solid&#8221;]<\/p>\n<p>Les interventions de Mario Varvoglis sont pl\u00e9biscit\u00e9es par les directeurs d\u2019h\u00f4pitaux et m\u00e9decins qui font parti de la formation \u00ab\u00a0H\u00f4pital Plus \u00bb de l\u2019EHESP. Depuis 10 ans, son s\u00e9minaire est un point d\u2019ancrage dans le programme de r\u00e9flexion pour les hauts dirigeants du syst\u00e8me hospitalier.<\/p>\n<p>[\/et_pb_testimonial][\/et_pb_column][\/et_pb_row][\/et_pb_section][et_pb_section bb_built=&#8221;1&#8243; fullwidth=&#8221;on&#8221; specialty=&#8221;off&#8221; _builder_version=&#8221;3.0.77&#8243; background_color=&#8221;rgba(0,0,0,0.77)&#8221;][et_pb_fullwidth_header _builder_version=&#8221;3.0.77&#8243; title=&#8221;Ce que nous faisons\u2026 &#8221; text_orientation=&#8221;center&#8221; header_fullscreen=&#8221;off&#8221; header_scroll_down=&#8221;off&#8221; image_orientation=&#8221;center&#8221; background_layout=&#8221;dark&#8221; content_orientation=&#8221;center&#8221; title_font=&#8221;Cardo||on||&#8221; title_font_size=&#8221;44&#8243; custom_button_one=&#8221;off&#8221; button_one_letter_spacing=&#8221;0&#8243; button_one_icon_placement=&#8221;right&#8221; button_one_letter_spacing_hover=&#8221;0&#8243; custom_button_two=&#8221;off&#8221; button_two_letter_spacing=&#8221;0&#8243; button_two_icon_placement=&#8221;right&#8221; button_two_letter_spacing_hover=&#8221;0&#8243; \/][\/et_pb_section][et_pb_section bb_built=&#8221;1&#8243; fullwidth=&#8221;off&#8221; specialty=&#8221;off&#8221; _builder_version=&#8221;3.0.77&#8243; parallax=&#8221;on&#8221; inner_shadow=&#8221;on&#8221; background_image=&#8221;http:\/\/mariovarvoglis.com\/wp-content\/uploads\/2017\/10\/04-Initier-Mobiliser-etc-Gray-NEW-1.jpg&#8221; disabled=&#8221;off&#8221; disabled_on=&#8221;on|on|&#8221; global_module=&#8221;1376&#8243;][et_pb_row global_parent=&#8221;1376&#8243;][et_pb_column type=&#8221;1_3&#8243;][et_pb_text admin_label=&#8221;Initier&#8221; global_parent=&#8221;1376&#8243; _builder_version=&#8221;3.0.77&#8243; background_layout=&#8221;light&#8221; border_style=&#8221;solid&#8221; text_font=&#8221;Cardo||on||&#8221; header_font=&#8221;Cardo||||&#8221; header_font_size=&#8221;36&#8243; text_text_color=&#8221;#e02b20&#8243; header_text_color=&#8221;rgba(3,38,66,0.77)&#8221; module_alignment=&#8221;left&#8221; text_orientation=&#8221;right&#8221; header_text_align=&#8221;right&#8221; custom_margin=&#8221;||-5px|&#8221; animation_style=&#8221;fade&#8221; custom_padding=&#8221;60px|30px||&#8221;]<\/p>\n<h1><a href=\"http:\/\/mariovarvoglis.com\/?page_id=1405\">Initier [1]<\/a><\/h1>\n<h2>le mouvement<\/h2>\n<p>[\/et_pb_text][et_pb_text global_parent=&#8221;1376&#8243; _builder_version=&#8221;3.0.77&#8243; background_layout=&#8221;light&#8221; border_style=&#8221;solid&#8221; module_alignment=&#8221;left&#8221; text_orientation=&#8221;right&#8221; header_text_align=&#8221;right&#8221; animation_style=&#8221;fade&#8221; custom_padding=&#8221;|30px||&#8221; custom_margin=&#8221;||-50px|&#8221;]<\/p>\n<p>Conf\u00e9rences et ateliers pour<br \/>\ninspirer, informer, ouvrir<br \/>\naux potentiels de la cr\u00e9ativit\u00e9.<\/p>\n<p>[\/et_pb_text][et_pb_text admin_label=&#8221;Maitriser&#8221; global_parent=&#8221;1376&#8243; _builder_version=&#8221;3.0.77&#8243; background_layout=&#8221;light&#8221; border_style=&#8221;solid&#8221; text_font=&#8221;Cardo||on||&#8221; header_font=&#8221;Cardo||||&#8221; header_font_size=&#8221;36&#8243; text_text_color=&#8221;#e02b20&#8243; header_text_color=&#8221;rgba(3,38,66,0.77)&#8221; module_alignment=&#8221;left&#8221; header_text_align=&#8221;right&#8221; custom_margin=&#8221;45px||-5px|&#8221; custom_padding=&#8221;45px|||30px&#8221; animation_style=&#8221;fade&#8221; text_orientation=&#8221;right&#8221;]<\/p>\n<h1><a href=\"http:\/\/mariovarvoglis.com\/?page_id=1455\">Maitriser [3]<\/a><\/h1>\n<h2>les outils<\/h2>\n<p>[\/et_pb_text][et_pb_text global_parent=&#8221;1376&#8243; _builder_version=&#8221;3.0.77&#8243; background_layout=&#8221;light&#8221; border_style=&#8221;solid&#8221; module_alignment=&#8221;left&#8221; header_text_align=&#8221;right&#8221; custom_padding=&#8221;||45px|30px&#8221; animation_style=&#8221;fade&#8221; text_orientation=&#8221;right&#8221;]<\/p>\n<p>Int\u00e9grer le savoir faire<br \/>\net le savoir \u00eatre<br \/>\nde la cr\u00e9ativit\u00e9 collaborative<\/p>\n<p>[\/et_pb_text][\/et_pb_column][et_pb_column type=&#8221;1_3&#8243;][et_pb_image admin_label=&#8221;DESKTOP VERSION &#8211; Ce ques nous faisons&#8221; global_parent=&#8221;1376&#8243; _builder_version=&#8221;3.0.77&#8243; src=&#8221;http:\/\/mariovarvoglis.com\/wp-content\/uploads\/2017\/10\/04-Initier-Mobiliser-etc-6.png&#8221; show_in_lightbox=&#8221;off&#8221; url_new_window=&#8221;off&#8221; use_overlay=&#8221;off&#8221; sticky=&#8221;off&#8221; align=&#8221;left&#8221; always_center_on_mobile=&#8221;on&#8221; border_style=&#8221;solid&#8221; force_fullwidth=&#8221;off&#8221; animation_style=&#8221;fade&#8221; animation_duration=&#8221;500ms&#8221; animation_intensity_slide=&#8221;10%&#8221; animation_direction=&#8221;left&#8221; show_bottom_space=&#8221;on&#8221; \/][\/et_pb_column][et_pb_column type=&#8221;1_3&#8243;][et_pb_text admin_label=&#8221;Mobiliser&#8221; global_parent=&#8221;1376&#8243; _builder_version=&#8221;3.0.77&#8243; background_layout=&#8221;light&#8221; border_style=&#8221;solid&#8221; text_font=&#8221;Cardo||on||&#8221; header_font=&#8221;Cardo||||&#8221; header_font_size=&#8221;36&#8243; text_text_color=&#8221;#e02b20&#8243; header_text_color=&#8221;rgba(3,38,66,0.77)&#8221; module_alignment=&#8221;left&#8221; header_text_align=&#8221;left&#8221; custom_padding=&#8221;60px|||30px&#8221; custom_margin=&#8221;||-5px|&#8221; animation_style=&#8221;fade&#8221;]<\/p>\n<h1><a href=\"http:\/\/mariovarvoglis.com\/?page_id=1464\">[2] Mobiliser<\/a><\/h1>\n<h2>l&#8217;intelligence<\/h2>\n<p>[\/et_pb_text][et_pb_text global_parent=&#8221;1376&#8243; _builder_version=&#8221;3.0.77&#8243; background_layout=&#8221;light&#8221; border_style=&#8221;solid&#8221; module_alignment=&#8221;left&#8221; header_text_align=&#8221;left&#8221; custom_padding=&#8221;|||30px&#8221; animation_style=&#8221;fade&#8221;]<\/p>\n<p>De <b>vrais<\/b> <i>brainstormings,<br \/>\n<\/i>aux r\u00e9sultats innovants,<br \/>\ntangibles, mobilisateurs.<\/p>\n<\/p>\n<p>[\/et_pb_text][et_pb_text admin_label=&#8221;P\u00e9renniser&#8221; global_parent=&#8221;1376&#8243; _builder_version=&#8221;3.0.77&#8243; background_layout=&#8221;light&#8221; border_style=&#8221;solid&#8221; text_font=&#8221;Cardo||on||&#8221; header_font=&#8221;Cardo||||&#8221; header_font_size=&#8221;36&#8243; text_text_color=&#8221;#e02b20&#8243; header_text_color=&#8221;rgba(3,38,66,0.77)&#8221; module_alignment=&#8221;left&#8221; header_text_align=&#8221;left&#8221; custom_margin=&#8221;||-5px|&#8221; animation_style=&#8221;fade&#8221;]<\/p>\n<h1><a href=\"http:\/\/mariovarvoglis.com\/?page_id=1445\">[4] P\u00e9renniser<\/a><\/h1>\n<h2>la dynamique<\/h2>\n<p>[\/et_pb_text][et_pb_text global_parent=&#8221;1376&#8243; _builder_version=&#8221;3.0.77&#8243; background_layout=&#8221;light&#8221; border_style=&#8221;solid&#8221; module_alignment=&#8221;left&#8221; header_text_align=&#8221;left&#8221; custom_padding=&#8221;||45px|&#8221; animation_style=&#8221;fade&#8221;]<\/p>\n<p>Les strat\u00e9gies pour ancrer l\u2019innovation<br \/>\ndans le quotidien<br \/>\nDynamiser l\u2019\u00e9nergie cr\u00e9ative de tous.<\/p>\n<p>[\/et_pb_text][\/et_pb_column][\/et_pb_row][\/et_pb_section][et_pb_section bb_built=&#8221;1&#8243; fullwidth=&#8221;off&#8221; specialty=&#8221;off&#8221; _builder_version=&#8221;3.0.77&#8243; disabled=&#8221;off&#8221; disabled_on=&#8221;||on&#8221; global_module=&#8221;1645&#8243;][et_pb_row global_parent=&#8221;1645&#8243;][et_pb_column type=&#8221;4_4&#8243;][et_pb_image admin_label=&#8221;MOBILE VERSION &#8211; Ce que nous faisons&#8221; global_parent=&#8221;1645&#8243; _builder_version=&#8221;3.0.77&#8243; src=&#8221;http:\/\/mariovarvoglis.com\/wp-content\/uploads\/2017\/10\/04-Initier-Mobiliser-etc-6.png&#8221; show_in_lightbox=&#8221;off&#8221; url_new_window=&#8221;off&#8221; use_overlay=&#8221;off&#8221; sticky=&#8221;off&#8221; align=&#8221;left&#8221; always_center_on_mobile=&#8221;on&#8221; border_style=&#8221;solid&#8221; force_fullwidth=&#8221;off&#8221; animation_style=&#8221;fade&#8221; animation_duration=&#8221;500ms&#8221; animation_intensity_slide=&#8221;10%&#8221; animation_direction=&#8221;left&#8221; show_bottom_space=&#8221;on&#8221; \/][et_pb_text admin_label=&#8221;Initier&#8221; global_parent=&#8221;1645&#8243; _builder_version=&#8221;3.0.77&#8243; background_layout=&#8221;light&#8221; border_style=&#8221;solid&#8221; text_font=&#8221;Cardo||on||&#8221; header_font=&#8221;Cardo||||&#8221; header_font_size=&#8221;36&#8243; text_text_color=&#8221;#e02b20&#8243; header_text_color=&#8221;rgba(3,38,66,0.77)&#8221; module_alignment=&#8221;left&#8221; header_text_align=&#8221;center&#8221; animation_style=&#8221;fade&#8221; text_orientation=&#8221;center&#8221;]<\/p>\n<h1><a href=\"http:\/\/mariovarvoglis.com\/?page_id=1405\">Initier [1]<\/a><\/h1>\n<h2>le mouvement<\/h2>\n<\/p>\n<p>[\/et_pb_text][et_pb_text global_parent=&#8221;1645&#8243; _builder_version=&#8221;3.0.77&#8243; background_layout=&#8221;light&#8221; border_style=&#8221;solid&#8221; module_alignment=&#8221;left&#8221; header_text_align=&#8221;center&#8221; animation_style=&#8221;fade&#8221; text_orientation=&#8221;center&#8221;]<\/p>\n<p>Conf\u00e9rences et ateliers pour<br \/>inspirer, informer, ouvrir<br \/>aux potentiels de la cr\u00e9ativit\u00e9.<\/p>\n<\/p>\n<p>[\/et_pb_text][et_pb_text admin_label=&#8221;Mobiliser&#8221; global_parent=&#8221;1645&#8243; _builder_version=&#8221;3.0.77&#8243; background_layout=&#8221;light&#8221; border_style=&#8221;solid&#8221; text_font=&#8221;Cardo||on||&#8221; header_font=&#8221;Cardo||||&#8221; header_font_size=&#8221;36&#8243; text_text_color=&#8221;#e02b20&#8243; header_text_color=&#8221;rgba(3,38,66,0.77)&#8221; module_alignment=&#8221;left&#8221; header_text_align=&#8221;center&#8221; animation_style=&#8221;fade&#8221; text_orientation=&#8221;center&#8221;]<\/p>\n<h1><a href=\"http:\/\/mariovarvoglis.com\/?page_id=1464\">Mobiliser [2]<\/a><\/h1>\n<h2>l&#8217;intelligence<\/h2>\n<\/p>\n<p>[\/et_pb_text][et_pb_text global_parent=&#8221;1645&#8243; _builder_version=&#8221;3.0.77&#8243; background_layout=&#8221;light&#8221; border_style=&#8221;solid&#8221; module_alignment=&#8221;left&#8221; header_text_align=&#8221;center&#8221; animation_style=&#8221;fade&#8221; text_orientation=&#8221;center&#8221;]<\/p>\n<p>De <b>vrais<\/b> <i>brainstormings,<br \/><\/i>aux r\u00e9sultats innovants,<br \/>tangibles, mobilisateurs.<\/p>\n<\/p>\n<p>[\/et_pb_text][et_pb_text admin_label=&#8221;Maitriser&#8221; global_parent=&#8221;1645&#8243; _builder_version=&#8221;3.0.77&#8243; background_layout=&#8221;light&#8221; border_style=&#8221;solid&#8221; text_font=&#8221;Cardo||on||&#8221; header_font=&#8221;Cardo||||&#8221; header_font_size=&#8221;36&#8243; text_text_color=&#8221;#e02b20&#8243; header_text_color=&#8221;rgba(3,38,66,0.77)&#8221; module_alignment=&#8221;left&#8221; header_text_align=&#8221;center&#8221; animation_style=&#8221;fade&#8221; text_orientation=&#8221;center&#8221;]<\/p>\n<h1><a href=\"http:\/\/mariovarvoglis.com\/?page_id=1455\">Maitriser [3]<\/a><\/h1>\n<h2>les outils<\/h2>\n<\/p>\n<p>[\/et_pb_text][et_pb_text global_parent=&#8221;1645&#8243; _builder_version=&#8221;3.0.77&#8243; background_layout=&#8221;light&#8221; border_style=&#8221;solid&#8221; module_alignment=&#8221;left&#8221; header_text_align=&#8221;center&#8221; animation_style=&#8221;fade&#8221; text_orientation=&#8221;center&#8221;]<\/p>\n<p>Int\u00e9grer le savoir faire<br \/>et le savoir \u00eatre<br \/>de la cr\u00e9ativit\u00e9 collaborative<\/p>\n<\/p>\n<p>[\/et_pb_text][et_pb_text admin_label=&#8221;P\u00e9renniser&#8221; global_parent=&#8221;1645&#8243; _builder_version=&#8221;3.0.77&#8243; background_layout=&#8221;light&#8221; border_style=&#8221;solid&#8221; text_font=&#8221;Cardo||on||&#8221; header_font=&#8221;Cardo||||&#8221; header_font_size=&#8221;36&#8243; text_text_color=&#8221;#e02b20&#8243; header_text_color=&#8221;rgba(3,38,66,0.77)&#8221; module_alignment=&#8221;left&#8221; header_text_align=&#8221;center&#8221; animation_style=&#8221;fade&#8221; text_orientation=&#8221;center&#8221;]<\/p>\n<h1><a href=\"http:\/\/mariovarvoglis.com\/?page_id=1445\">P\u00e9renniser [4]<\/a><\/h1>\n<h2>la dynamique<\/h2>\n<\/p>\n<p>[\/et_pb_text][et_pb_text global_parent=&#8221;1645&#8243; _builder_version=&#8221;3.0.77&#8243; background_layout=&#8221;light&#8221; border_style=&#8221;solid&#8221; module_alignment=&#8221;left&#8221; header_text_align=&#8221;center&#8221; animation_style=&#8221;fade&#8221; text_orientation=&#8221;center&#8221;]<\/p>\n<p>Les strat\u00e9gies pour ancrer l\u2019innovation<br \/>dans le quotidien<br \/>Dynamiser l\u2019\u00e9nergie cr\u00e9ative de tous.<\/p>\n<\/p>\n<p>[\/et_pb_text][\/et_pb_column][\/et_pb_row][\/et_pb_section]<\/p>\n","protected":false},"excerpt":{"rendered":"<p>[et_pb_section bb_built=&#8221;1&#8243; fullwidth=&#8221;on&#8221; specialty=&#8221;off&#8221; _builder_version=&#8221;3.0.77&#8243; background_image=&#8221;http:\/\/mariovarvoglis.com\/wp-content\/uploads\/2017\/10\/Maitriser-back-2.jpg&#8221; parallax=&#8221;on&#8221; inner_shadow=&#8221;on&#8221;][et_pb_fullwidth_header _builder_version=&#8221;3.0.77&#8243; title=&#8221;Ma\u00eetriser les outils&#8221; text_orientation=&#8221;center&#8221; header_fullscreen=&#8221;off&#8221; header_scroll_down=&#8221;off&#8221; image_orientation=&#8221;center&#8221; background_layout=&#8221;dark&#8221; content_orientation=&#8221;center&#8221; custom_button_one=&#8221;off&#8221; button_one_letter_spacing=&#8221;0&#8243; button_one_icon_placement=&#8221;right&#8221; button_one_letter_spacing_hover=&#8221;0&#8243; custom_button_two=&#8221;off&#8221; button_two_letter_spacing=&#8221;0&#8243; button_two_icon_placement=&#8221;right&#8221; button_two_letter_spacing_hover=&#8221;0&#8243; title_font=&#8221;Cardo||on||&#8221; title_font_size=&#8221;52&#8243; \/][\/et_pb_section][et_pb_section bb_built=&#8221;1&#8243; fullwidth=&#8221;on&#8221; specialty=&#8221;off&#8221; _builder_version=&#8221;3.0.77&#8243; parallax=&#8221;on&#8221; inner_shadow=&#8221;on&#8221; background_color=&#8221;#eaeaea&#8221;][et_pb_fullwidth_header _builder_version=&#8221;3.0.77&#8243; title=&#8221;En format court ou approfondi, nos trainings assurent trois \u00e9l\u00e9ments-cl\u00e9 de la cr\u00e9ativit\u00e9 collaborative: la posture mentale et [&hellip;]<\/p>\n","protected":false},"author":1,"featured_media":0,"parent":1372,"menu_order":0,"comment_status":"closed","ping_status":"closed","template":"","meta":[],"_links":{"self":[{"href":"https:\/\/mariovarvoglis.com\/index.php?rest_route=\/wp\/v2\/pages\/1455"}],"collection":[{"href":"https:\/\/mariovarvoglis.com\/index.php?rest_route=\/wp\/v2\/pages"}],"about":[{"href":"https:\/\/mariovarvoglis.com\/index.php?rest_route=\/wp\/v2\/types\/page"}],"author":[{"embeddable":true,"href":"https:\/\/mariovarvoglis.com\/index.php?rest_route=\/wp\/v2\/users\/1"}],"replies":[{"embeddable":true,"href":"https:\/\/mariovarvoglis.com\/index.php?rest_route=%2Fwp%2Fv2%2Fcomments&post=1455"}],"version-history":[{"count":25,"href":"https:\/\/mariovarvoglis.com\/index.php?rest_route=\/wp\/v2\/pages\/1455\/revisions"}],"predecessor-version":[{"id":1650,"href":"https:\/\/mariovarvoglis.com\/index.php?rest_route=\/wp\/v2\/pages\/1455\/revisions\/1650"}],"up":[{"embeddable":true,"href":"https:\/\/mariovarvoglis.com\/index.php?rest_route=\/wp\/v2\/pages\/1372"}],"wp:attachment":[{"href":"https:\/\/mariovarvoglis.com\/index.php?rest_route=%2Fwp%2Fv2%2Fmedia&parent=1455"}],"curies":[{"name":"wp","href":"https:\/\/api.w.org\/{rel}","templated":true}]}}